{"id":67,"date":"2021-02-09T11:25:39","date_gmt":"2021-02-09T11:25:39","guid":{"rendered":"https:\/\/holaciudad.es\/frutasjesus\/index.php\/producto\/zanahoria-1\/"},"modified":"2021-03-22T22:21:04","modified_gmt":"2021-03-22T22:21:04","slug":"zanahoria-1","status":"publish","type":"product","link":"https:\/\/holaciudad.es\/frutasjesus\/index.php\/producto\/zanahoria-1\/","title":{"rendered":"Zanahoria (precio por kg)"},"content":{"rendered":"<p>Daucus carota subespecie sativus, llamada popularmente zanahoria, es la forma domesticada de la zanahoria silvestre, especie de la familia de las umbel\u00edferas, tambi\u00e9n denominadas api\u00e1ceas, y considerada la m\u00e1s importante y de mayor consumo dentro de esta familia. Es oriunda de Europa y Asia sudoccidental.<\/p>\n","protected":false},"excerpt":{"rendered":"<p>Daucus carota subespecie sativus, llamada popularmente zanahoria, es la forma domesticada de la zanahoria silvestre, especie de la familia de las umbel\u00edferas.<\/p>\n","protected":false},"featured_media":554,"comment_status":"open","ping_status":"closed","template":"","meta":[],"product_brand":[],"product_cat":[17],"product_tag":[],"class_list":{"0":"post-67","1":"product","2":"type-product","3":"status-publish","4":"has-post-thumbnail","6":"product_cat-verduras","8":"first","9":"instock","10":"taxable","11":"shipping-taxable","12":"purchasable","13":"product-type-simple"},"aioseo_notices":[],"_links":{"self":[{"href":"https:\/\/holaciudad.es\/frutasjesus\/index.php\/wp-json\/wp\/v2\/product\/67","targetHints":{"allow":["GET"]}}],"collection":[{"href":"https:\/\/holaciudad.es\/frutasjesus\/index.php\/wp-json\/wp\/v2\/product"}],"about":[{"href":"https:\/\/holaciudad.es\/frutasjesus\/index.php\/wp-json\/wp\/v2\/types\/product"}],"replies":[{"embeddable":true,"href":"https:\/\/holaciudad.es\/frutasjesus\/index.php\/wp-json\/wp\/v2\/comments?post=67"}],"wp:featuredmedia":[{"embeddable":true,"href":"https:\/\/holaciudad.es\/frutasjesus\/index.php\/wp-json\/wp\/v2\/media\/554"}],"wp:attachment":[{"href":"https:\/\/holaciudad.es\/frutasjesus\/index.php\/wp-json\/wp\/v2\/media?parent=67"}],"wp:term":[{"taxonomy":"product_brand","embeddable":true,"href":"https:\/\/holaciudad.es\/frutasjesus\/index.php\/wp-json\/wp\/v2\/product_brand?post=67"},{"taxonomy":"product_cat","embeddable":true,"href":"https:\/\/holaciudad.es\/frutasjesus\/index.php\/wp-json\/wp\/v2\/product_cat?post=67"},{"taxonomy":"product_tag","embeddable":true,"href":"https:\/\/holaciudad.es\/frutasjesus\/index.php\/wp-json\/wp\/v2\/product_tag?post=67"}],"curies":[{"name":"wp","href":"https:\/\/api.w.org\/{rel}","templated":true}]}}