{"id":64,"date":"2021-02-09T11:25:39","date_gmt":"2021-02-09T11:25:39","guid":{"rendered":"https:\/\/holaciudad.es\/frutasjesus\/index.php\/producto\/tomate-rama-1\/"},"modified":"2021-03-22T22:20:36","modified_gmt":"2021-03-22T22:20:36","slug":"tomate-rama-1","status":"publish","type":"product","link":"https:\/\/holaciudad.es\/frutasjesus\/index.php\/producto\/tomate-rama-1\/","title":{"rendered":"Tomate Rama (precio por kg)"},"content":{"rendered":"<p>Esta variedad de\u00a0<b>tomate<\/b>\u00a0es de peque\u00f1o tama\u00f1o, redondo y de un color anaranjado que se torna rojizo. Son\u00a0<b>tomates<\/b>\u00a0muy regulares tanto en forma, como en tama\u00f1o. Su principal caracter\u00edstica es la maduraci\u00f3n fuera de la planta que hace que sea muy duradero.<\/p>\n","protected":false},"excerpt":{"rendered":"<p>Esta variedad de\u00a0<b>tomate<\/b> es de peque\u00f1o tama\u00f1o, redondo y de un color anaranjado que se torna rojizo.<\/p>\n","protected":false},"featured_media":549,"comment_status":"open","ping_status":"closed","template":"","meta":[],"product_brand":[],"product_cat":[17],"product_tag":[],"class_list":{"0":"post-64","1":"product","2":"type-product","3":"status-publish","4":"has-post-thumbnail","6":"product_cat-verduras","8":"first","9":"instock","10":"taxable","11":"shipping-taxable","12":"purchasable","13":"product-type-simple"},"aioseo_notices":[],"_links":{"self":[{"href":"https:\/\/holaciudad.es\/frutasjesus\/index.php\/wp-json\/wp\/v2\/product\/64","targetHints":{"allow":["GET"]}}],"collection":[{"href":"https:\/\/holaciudad.es\/frutasjesus\/index.php\/wp-json\/wp\/v2\/product"}],"about":[{"href":"https:\/\/holaciudad.es\/frutasjesus\/index.php\/wp-json\/wp\/v2\/types\/product"}],"replies":[{"embeddable":true,"href":"https:\/\/holaciudad.es\/frutasjesus\/index.php\/wp-json\/wp\/v2\/comments?post=64"}],"wp:featuredmedia":[{"embeddable":true,"href":"https:\/\/holaciudad.es\/frutasjesus\/index.php\/wp-json\/wp\/v2\/media\/549"}],"wp:attachment":[{"href":"https:\/\/holaciudad.es\/frutasjesus\/index.php\/wp-json\/wp\/v2\/media?parent=64"}],"wp:term":[{"taxonomy":"product_brand","embeddable":true,"href":"https:\/\/holaciudad.es\/frutasjesus\/index.php\/wp-json\/wp\/v2\/product_brand?post=64"},{"taxonomy":"product_cat","embeddable":true,"href":"https:\/\/holaciudad.es\/frutasjesus\/index.php\/wp-json\/wp\/v2\/product_cat?post=64"},{"taxonomy":"product_tag","embeddable":true,"href":"https:\/\/holaciudad.es\/frutasjesus\/index.php\/wp-json\/wp\/v2\/product_tag?post=64"}],"curies":[{"name":"wp","href":"https:\/\/api.w.org\/{rel}","templated":true}]}}