{"id":63,"date":"2021-02-09T11:25:39","date_gmt":"2021-02-09T11:25:39","guid":{"rendered":"https:\/\/holaciudad.es\/frutasjesus\/index.php\/producto\/tomate-rosa-2\/"},"modified":"2021-03-22T22:20:52","modified_gmt":"2021-03-22T22:20:52","slug":"tomate-rosa-2","status":"publish","type":"product","link":"https:\/\/holaciudad.es\/frutasjesus\/index.php\/producto\/tomate-rosa-2\/","title":{"rendered":"Tomate Rosa (precio por kg)"},"content":{"rendered":"<p>El tomate rosa de Barbastro es una variedad de tomate procedente de Barbastro, una localidad de la provincia de Huesca, en Arag\u00f3n, Espa\u00f1a. Esta variedad de tomate tiene unas caracter\u00edsticas especiales tales como su tama\u00f1o y su color que, como su nombre indica, es rosado.<\/p>\n","protected":false},"excerpt":{"rendered":"<p>El tomate rosa de Barbastro es una variedad de tomate procedente de Barbastro, una localidad de la provincia de Huesca, en Arag\u00f3n, Espa\u00f1a.<\/p>\n","protected":false},"featured_media":548,"comment_status":"open","ping_status":"closed","template":"","meta":[],"product_brand":[],"product_cat":[17],"product_tag":[],"class_list":{"0":"post-63","1":"product","2":"type-product","3":"status-publish","4":"has-post-thumbnail","6":"product_cat-verduras","8":"first","9":"instock","10":"taxable","11":"shipping-taxable","12":"purchasable","13":"product-type-simple"},"aioseo_notices":[],"_links":{"self":[{"href":"https:\/\/holaciudad.es\/frutasjesus\/index.php\/wp-json\/wp\/v2\/product\/63","targetHints":{"allow":["GET"]}}],"collection":[{"href":"https:\/\/holaciudad.es\/frutasjesus\/index.php\/wp-json\/wp\/v2\/product"}],"about":[{"href":"https:\/\/holaciudad.es\/frutasjesus\/index.php\/wp-json\/wp\/v2\/types\/product"}],"replies":[{"embeddable":true,"href":"https:\/\/holaciudad.es\/frutasjesus\/index.php\/wp-json\/wp\/v2\/comments?post=63"}],"wp:featuredmedia":[{"embeddable":true,"href":"https:\/\/holaciudad.es\/frutasjesus\/index.php\/wp-json\/wp\/v2\/media\/548"}],"wp:attachment":[{"href":"https:\/\/holaciudad.es\/frutasjesus\/index.php\/wp-json\/wp\/v2\/media?parent=63"}],"wp:term":[{"taxonomy":"product_brand","embeddable":true,"href":"https:\/\/holaciudad.es\/frutasjesus\/index.php\/wp-json\/wp\/v2\/product_brand?post=63"},{"taxonomy":"product_cat","embeddable":true,"href":"https:\/\/holaciudad.es\/frutasjesus\/index.php\/wp-json\/wp\/v2\/product_cat?post=63"},{"taxonomy":"product_tag","embeddable":true,"href":"https:\/\/holaciudad.es\/frutasjesus\/index.php\/wp-json\/wp\/v2\/product_tag?post=63"}],"curies":[{"name":"wp","href":"https:\/\/api.w.org\/{rel}","templated":true}]}}