{"id":60,"date":"2021-02-09T11:25:38","date_gmt":"2021-02-09T11:25:38","guid":{"rendered":"https:\/\/holaciudad.es\/frutasjesus\/index.php\/producto\/seta-bandeja-1\/"},"modified":"2021-03-22T22:51:49","modified_gmt":"2021-03-22T22:51:49","slug":"seta-bandeja-1","status":"publish","type":"product","link":"https:\/\/holaciudad.es\/frutasjesus\/index.php\/producto\/seta-bandeja-1\/","title":{"rendered":"Seta ( Precio por bandeja )"},"content":{"rendered":"<p>La\u00a0<b>funci\u00f3n<\/b>\u00a0de toda\u00a0<b>seta<\/b>\u00a0es crecer, generar esporas, abrir su sombrero y esparcirlas por el ambiente, contribuyendo as\u00ed a la reproducci\u00f3n del hongo que la ha generado. &#8230; De las cinco familias de hongos que pueblan la tierra, s\u00f3lo los hongos mayores son capaces de generar\u00a0<b>setas<\/b>.<\/p>\n","protected":false},"excerpt":{"rendered":"<p>La\u00a0<b>funci\u00f3n<\/b>\u00a0de toda\u00a0<b>seta<\/b> es crecer, generar esporas, abrir su sombrero y esparcirlas por el ambiente, contribuyendo as\u00ed a la reproducci\u00f3n del hongo que la ha generado.<\/p>\n","protected":false},"featured_media":568,"comment_status":"open","ping_status":"closed","template":"","meta":[],"product_brand":[],"product_cat":[17],"product_tag":[],"class_list":{"0":"post-60","1":"product","2":"type-product","3":"status-publish","4":"has-post-thumbnail","6":"product_cat-verduras","8":"first","9":"instock","10":"taxable","11":"shipping-taxable","12":"purchasable","13":"product-type-simple"},"aioseo_notices":[],"_links":{"self":[{"href":"https:\/\/holaciudad.es\/frutasjesus\/index.php\/wp-json\/wp\/v2\/product\/60","targetHints":{"allow":["GET"]}}],"collection":[{"href":"https:\/\/holaciudad.es\/frutasjesus\/index.php\/wp-json\/wp\/v2\/product"}],"about":[{"href":"https:\/\/holaciudad.es\/frutasjesus\/index.php\/wp-json\/wp\/v2\/types\/product"}],"replies":[{"embeddable":true,"href":"https:\/\/holaciudad.es\/frutasjesus\/index.php\/wp-json\/wp\/v2\/comments?post=60"}],"wp:featuredmedia":[{"embeddable":true,"href":"https:\/\/holaciudad.es\/frutasjesus\/index.php\/wp-json\/wp\/v2\/media\/568"}],"wp:attachment":[{"href":"https:\/\/holaciudad.es\/frutasjesus\/index.php\/wp-json\/wp\/v2\/media?parent=60"}],"wp:term":[{"taxonomy":"product_brand","embeddable":true,"href":"https:\/\/holaciudad.es\/frutasjesus\/index.php\/wp-json\/wp\/v2\/product_brand?post=60"},{"taxonomy":"product_cat","embeddable":true,"href":"https:\/\/holaciudad.es\/frutasjesus\/index.php\/wp-json\/wp\/v2\/product_cat?post=60"},{"taxonomy":"product_tag","embeddable":true,"href":"https:\/\/holaciudad.es\/frutasjesus\/index.php\/wp-json\/wp\/v2\/product_tag?post=60"}],"curies":[{"name":"wp","href":"https:\/\/api.w.org\/{rel}","templated":true}]}}