{"id":58,"date":"2021-02-09T11:25:38","date_gmt":"2021-02-09T11:25:38","guid":{"rendered":"https:\/\/holaciudad.es\/frutasjesus\/index.php\/producto\/radiccio-1\/"},"modified":"2021-03-22T22:19:01","modified_gmt":"2021-03-22T22:19:01","slug":"radiccio-1","status":"publish","type":"product","link":"https:\/\/holaciudad.es\/frutasjesus\/index.php\/producto\/radiccio-1\/","title":{"rendered":"Radiccio (precio por unidad)"},"content":{"rendered":"<p>El\u00a0<b>radicchio<\/b>\u00a0es una rica fuente de fibra diet\u00e9tica, vitaminas y minerales. Tiene muy pocas calor\u00edas, sin grasas ni colesterol. Es una excelente fuente de vitamina K, una buena fuente de selenio, f\u00f3sforo, potasio, cobre, manganeso, calcio, vitaminas del grupo B, vitamina A, vitamina C, vitamina E y \u00e1cido f\u00f3lico<\/p>\n","protected":false},"excerpt":{"rendered":"<p>El\u00a0<b>radicchio<\/b> es una rica fuente de fibra diet\u00e9tica, vitaminas y minerales. Tiene muy pocas calor\u00edas, sin grasas ni colesterol.<\/p>\n","protected":false},"featured_media":596,"comment_status":"open","ping_status":"closed","template":"","meta":[],"product_brand":[],"product_cat":[17],"product_tag":[],"class_list":{"0":"post-58","1":"product","2":"type-product","3":"status-publish","4":"has-post-thumbnail","6":"product_cat-verduras","8":"first","9":"instock","10":"taxable","11":"shipping-taxable","12":"purchasable","13":"product-type-simple"},"aioseo_notices":[],"_links":{"self":[{"href":"https:\/\/holaciudad.es\/frutasjesus\/index.php\/wp-json\/wp\/v2\/product\/58","targetHints":{"allow":["GET"]}}],"collection":[{"href":"https:\/\/holaciudad.es\/frutasjesus\/index.php\/wp-json\/wp\/v2\/product"}],"about":[{"href":"https:\/\/holaciudad.es\/frutasjesus\/index.php\/wp-json\/wp\/v2\/types\/product"}],"replies":[{"embeddable":true,"href":"https:\/\/holaciudad.es\/frutasjesus\/index.php\/wp-json\/wp\/v2\/comments?post=58"}],"wp:featuredmedia":[{"embeddable":true,"href":"https:\/\/holaciudad.es\/frutasjesus\/index.php\/wp-json\/wp\/v2\/media\/596"}],"wp:attachment":[{"href":"https:\/\/holaciudad.es\/frutasjesus\/index.php\/wp-json\/wp\/v2\/media?parent=58"}],"wp:term":[{"taxonomy":"product_brand","embeddable":true,"href":"https:\/\/holaciudad.es\/frutasjesus\/index.php\/wp-json\/wp\/v2\/product_brand?post=58"},{"taxonomy":"product_cat","embeddable":true,"href":"https:\/\/holaciudad.es\/frutasjesus\/index.php\/wp-json\/wp\/v2\/product_cat?post=58"},{"taxonomy":"product_tag","embeddable":true,"href":"https:\/\/holaciudad.es\/frutasjesus\/index.php\/wp-json\/wp\/v2\/product_tag?post=58"}],"curies":[{"name":"wp","href":"https:\/\/api.w.org\/{rel}","templated":true}]}}