{"id":57,"date":"2021-02-09T11:25:38","date_gmt":"2021-02-09T11:25:38","guid":{"rendered":"https:\/\/holaciudad.es\/frutasjesus\/index.php\/producto\/rabanetas-1\/"},"modified":"2021-03-22T22:18:32","modified_gmt":"2021-03-22T22:18:32","slug":"rabanetas-1","status":"publish","type":"product","link":"https:\/\/holaciudad.es\/frutasjesus\/index.php\/producto\/rabanetas-1\/","title":{"rendered":"Rabanetas (precio por manojo)"},"content":{"rendered":"<p><b>Los<\/b>\u00a0r\u00e1banos est\u00e1n compuestos en gran porcentaje por agua. Esto quiere decir\u00a0<b>que<\/b>, adem\u00e1s de ser bajos en calor\u00edas, mantienen hidratado el cuerpo y ayudan a eliminar toxinas.\u00a0<b>Los<\/b>\u00a0r\u00e1banos favorecen no solo al sistema digestivo, sino tambi\u00e9n\u00a0<b>los<\/b>\u00a0ri\u00f1ones, la ves\u00edcula, el h\u00edgado y el sistema circulatorio en general.<\/p>\n","protected":false},"excerpt":{"rendered":"<p><b>Los<\/b>\u00a0r\u00e1banos est\u00e1n compuestos en gran porcentaje por agua. Esto quiere decir\u00a0<b>que<\/b>, adem\u00e1s de ser bajos en calor\u00edas, mantienen hidratado el cuerpo y ayudan a eliminar toxinas.<\/p>\n","protected":false},"featured_media":566,"comment_status":"open","ping_status":"closed","template":"","meta":[],"product_brand":[],"product_cat":[17],"product_tag":[],"class_list":{"0":"post-57","1":"product","2":"type-product","3":"status-publish","4":"has-post-thumbnail","6":"product_cat-verduras","8":"first","9":"instock","10":"taxable","11":"shipping-taxable","12":"purchasable","13":"product-type-simple"},"aioseo_notices":[],"_links":{"self":[{"href":"https:\/\/holaciudad.es\/frutasjesus\/index.php\/wp-json\/wp\/v2\/product\/57","targetHints":{"allow":["GET"]}}],"collection":[{"href":"https:\/\/holaciudad.es\/frutasjesus\/index.php\/wp-json\/wp\/v2\/product"}],"about":[{"href":"https:\/\/holaciudad.es\/frutasjesus\/index.php\/wp-json\/wp\/v2\/types\/product"}],"replies":[{"embeddable":true,"href":"https:\/\/holaciudad.es\/frutasjesus\/index.php\/wp-json\/wp\/v2\/comments?post=57"}],"wp:featuredmedia":[{"embeddable":true,"href":"https:\/\/holaciudad.es\/frutasjesus\/index.php\/wp-json\/wp\/v2\/media\/566"}],"wp:attachment":[{"href":"https:\/\/holaciudad.es\/frutasjesus\/index.php\/wp-json\/wp\/v2\/media?parent=57"}],"wp:term":[{"taxonomy":"product_brand","embeddable":true,"href":"https:\/\/holaciudad.es\/frutasjesus\/index.php\/wp-json\/wp\/v2\/product_brand?post=57"},{"taxonomy":"product_cat","embeddable":true,"href":"https:\/\/holaciudad.es\/frutasjesus\/index.php\/wp-json\/wp\/v2\/product_cat?post=57"},{"taxonomy":"product_tag","embeddable":true,"href":"https:\/\/holaciudad.es\/frutasjesus\/index.php\/wp-json\/wp\/v2\/product_tag?post=57"}],"curies":[{"name":"wp","href":"https:\/\/api.w.org\/{rel}","templated":true}]}}