{"id":56,"date":"2021-02-09T11:25:38","date_gmt":"2021-02-09T11:25:38","guid":{"rendered":"https:\/\/holaciudad.es\/frutasjesus\/index.php\/producto\/pimiento-padrn-3\/"},"modified":"2021-03-22T22:17:44","modified_gmt":"2021-03-22T22:17:44","slug":"pimiento-padrn-3","status":"publish","type":"product","link":"https:\/\/holaciudad.es\/frutasjesus\/index.php\/producto\/pimiento-padrn-3\/","title":{"rendered":"Pimiento Padr\u00f3n (precio por kg)"},"content":{"rendered":"<p>El denominado pimiento de Padr\u00f3n es una variedad de pimiento originaria del cultivo agr\u00edcola del convento de San Francisco de Herb\u00f3n en la provincia de La Coru\u00f1a, en Galicia, donde habr\u00edan adaptado su cultivo frailes franciscanos regresados de Am\u00e9rica en el siglo XVI.<\/p>\n","protected":false},"excerpt":{"rendered":"<p>El denominado pimiento de Padr\u00f3n es una variedad de pimiento originaria del cultivo agr\u00edcola del convento de San Francisco de Herb\u00f3n en la provincia de La Coru\u00f1a.<\/p>\n","protected":false},"featured_media":564,"comment_status":"open","ping_status":"closed","template":"","meta":[],"product_brand":[],"product_cat":[17],"product_tag":[],"class_list":{"0":"post-56","1":"product","2":"type-product","3":"status-publish","4":"has-post-thumbnail","6":"product_cat-verduras","8":"first","9":"instock","10":"taxable","11":"shipping-taxable","12":"purchasable","13":"product-type-simple"},"aioseo_notices":[],"_links":{"self":[{"href":"https:\/\/holaciudad.es\/frutasjesus\/index.php\/wp-json\/wp\/v2\/product\/56","targetHints":{"allow":["GET"]}}],"collection":[{"href":"https:\/\/holaciudad.es\/frutasjesus\/index.php\/wp-json\/wp\/v2\/product"}],"about":[{"href":"https:\/\/holaciudad.es\/frutasjesus\/index.php\/wp-json\/wp\/v2\/types\/product"}],"replies":[{"embeddable":true,"href":"https:\/\/holaciudad.es\/frutasjesus\/index.php\/wp-json\/wp\/v2\/comments?post=56"}],"wp:featuredmedia":[{"embeddable":true,"href":"https:\/\/holaciudad.es\/frutasjesus\/index.php\/wp-json\/wp\/v2\/media\/564"}],"wp:attachment":[{"href":"https:\/\/holaciudad.es\/frutasjesus\/index.php\/wp-json\/wp\/v2\/media?parent=56"}],"wp:term":[{"taxonomy":"product_brand","embeddable":true,"href":"https:\/\/holaciudad.es\/frutasjesus\/index.php\/wp-json\/wp\/v2\/product_brand?post=56"},{"taxonomy":"product_cat","embeddable":true,"href":"https:\/\/holaciudad.es\/frutasjesus\/index.php\/wp-json\/wp\/v2\/product_cat?post=56"},{"taxonomy":"product_tag","embeddable":true,"href":"https:\/\/holaciudad.es\/frutasjesus\/index.php\/wp-json\/wp\/v2\/product_tag?post=56"}],"curies":[{"name":"wp","href":"https:\/\/api.w.org\/{rel}","templated":true}]}}