{"id":51,"date":"2021-02-09T11:25:38","date_gmt":"2021-02-09T11:25:38","guid":{"rendered":"https:\/\/holaciudad.es\/frutasjesus\/index.php\/producto\/pepino-1\/"},"modified":"2021-03-22T22:16:24","modified_gmt":"2021-03-22T22:16:24","slug":"pepino-1","status":"publish","type":"product","link":"https:\/\/holaciudad.es\/frutasjesus\/index.php\/producto\/pepino-1\/","title":{"rendered":"Pepino (precio por kg)"},"content":{"rendered":"<p>El\u00a0<b>pepino contiene<\/b>\u00a0un flavonol, un antioxidante antiinflamatorio, que favorece la conectividad neuronal, y cuida de nuestro cerebro. El\u00a0<b>pepino<\/b>\u00a0nos mantiene frescos, gracias a la hidrataci\u00f3n que proporciona, favorece m\u00faltiples procesos internos al nutrir las c\u00e9lulas.<\/p>\n","protected":false},"excerpt":{"rendered":"<p>El\u00a0<b>pepino contiene<\/b> un flavonol, un antioxidante antiinflamatorio, que favorece la conectividad neuronal, y cuida de nuestro cerebro.<\/p>\n","protected":false},"featured_media":558,"comment_status":"open","ping_status":"closed","template":"","meta":[],"product_brand":[],"product_cat":[17],"product_tag":[],"class_list":{"0":"post-51","1":"product","2":"type-product","3":"status-publish","4":"has-post-thumbnail","6":"product_cat-verduras","8":"first","9":"instock","10":"taxable","11":"shipping-taxable","12":"purchasable","13":"product-type-simple"},"aioseo_notices":[],"_links":{"self":[{"href":"https:\/\/holaciudad.es\/frutasjesus\/index.php\/wp-json\/wp\/v2\/product\/51","targetHints":{"allow":["GET"]}}],"collection":[{"href":"https:\/\/holaciudad.es\/frutasjesus\/index.php\/wp-json\/wp\/v2\/product"}],"about":[{"href":"https:\/\/holaciudad.es\/frutasjesus\/index.php\/wp-json\/wp\/v2\/types\/product"}],"replies":[{"embeddable":true,"href":"https:\/\/holaciudad.es\/frutasjesus\/index.php\/wp-json\/wp\/v2\/comments?post=51"}],"wp:featuredmedia":[{"embeddable":true,"href":"https:\/\/holaciudad.es\/frutasjesus\/index.php\/wp-json\/wp\/v2\/media\/558"}],"wp:attachment":[{"href":"https:\/\/holaciudad.es\/frutasjesus\/index.php\/wp-json\/wp\/v2\/media?parent=51"}],"wp:term":[{"taxonomy":"product_brand","embeddable":true,"href":"https:\/\/holaciudad.es\/frutasjesus\/index.php\/wp-json\/wp\/v2\/product_brand?post=51"},{"taxonomy":"product_cat","embeddable":true,"href":"https:\/\/holaciudad.es\/frutasjesus\/index.php\/wp-json\/wp\/v2\/product_cat?post=51"},{"taxonomy":"product_tag","embeddable":true,"href":"https:\/\/holaciudad.es\/frutasjesus\/index.php\/wp-json\/wp\/v2\/product_tag?post=51"}],"curies":[{"name":"wp","href":"https:\/\/api.w.org\/{rel}","templated":true}]}}