{"id":50,"date":"2021-02-09T11:25:38","date_gmt":"2021-02-09T11:25:38","guid":{"rendered":"https:\/\/holaciudad.es\/frutasjesus\/index.php\/producto\/patata-guarnicin-0\/"},"modified":"2021-03-22T22:14:46","modified_gmt":"2021-03-22T22:14:46","slug":"patata-guarnicin-0","status":"publish","type":"product","link":"https:\/\/holaciudad.es\/frutasjesus\/index.php\/producto\/patata-guarnicin-0\/","title":{"rendered":"Patata Guarnici\u00f3n (precio por kg)"},"content":{"rendered":"<p>La\u00a0<b>patata<\/b>\u00a0es de la familia de las Solan\u00e1ceas y su fruto es un \u00f3rgano que crece bajo tierra, denominado tub\u00e9rculo. &#8230; La\u00a0<b>patata<\/b>, Solanum tuberosum L., es una especie herb\u00e1cea, perenne por sus tub\u00e9rculos pero cultivada de forma normal como planta anual. Pertenece a la familia de las Solan\u00e1ceas conocida por patatera o papa.<\/p>\n","protected":false},"excerpt":{"rendered":"<p>La\u00a0<b>patata<\/b>\u00a0es de la familia de las Solan\u00e1ceas y su fruto es un \u00f3rgano que crece bajo tierra, denominado tub\u00e9rculo. &#8230; La\u00a0<b>patata<\/b>, Solanum tuberosum L., es una especie herb\u00e1cea.<\/p>\n","protected":false},"featured_media":597,"comment_status":"open","ping_status":"closed","template":"","meta":[],"product_brand":[],"product_cat":[17],"product_tag":[],"class_list":{"0":"post-50","1":"product","2":"type-product","3":"status-publish","4":"has-post-thumbnail","6":"product_cat-verduras","8":"first","9":"instock","10":"taxable","11":"shipping-taxable","12":"purchasable","13":"product-type-simple"},"aioseo_notices":[],"_links":{"self":[{"href":"https:\/\/holaciudad.es\/frutasjesus\/index.php\/wp-json\/wp\/v2\/product\/50","targetHints":{"allow":["GET"]}}],"collection":[{"href":"https:\/\/holaciudad.es\/frutasjesus\/index.php\/wp-json\/wp\/v2\/product"}],"about":[{"href":"https:\/\/holaciudad.es\/frutasjesus\/index.php\/wp-json\/wp\/v2\/types\/product"}],"replies":[{"embeddable":true,"href":"https:\/\/holaciudad.es\/frutasjesus\/index.php\/wp-json\/wp\/v2\/comments?post=50"}],"wp:featuredmedia":[{"embeddable":true,"href":"https:\/\/holaciudad.es\/frutasjesus\/index.php\/wp-json\/wp\/v2\/media\/597"}],"wp:attachment":[{"href":"https:\/\/holaciudad.es\/frutasjesus\/index.php\/wp-json\/wp\/v2\/media?parent=50"}],"wp:term":[{"taxonomy":"product_brand","embeddable":true,"href":"https:\/\/holaciudad.es\/frutasjesus\/index.php\/wp-json\/wp\/v2\/product_brand?post=50"},{"taxonomy":"product_cat","embeddable":true,"href":"https:\/\/holaciudad.es\/frutasjesus\/index.php\/wp-json\/wp\/v2\/product_cat?post=50"},{"taxonomy":"product_tag","embeddable":true,"href":"https:\/\/holaciudad.es\/frutasjesus\/index.php\/wp-json\/wp\/v2\/product_tag?post=50"}],"curies":[{"name":"wp","href":"https:\/\/api.w.org\/{rel}","templated":true}]}}