{"id":485,"date":"2021-02-13T13:18:18","date_gmt":"2021-02-13T13:18:18","guid":{"rendered":"https:\/\/holaciudad.es\/frutasjesus\/index.php\/producto\/uva-negra\/"},"modified":"2021-03-22T22:32:24","modified_gmt":"2021-03-22T22:32:24","slug":"uva-negra","status":"publish","type":"product","link":"https:\/\/holaciudad.es\/frutasjesus\/index.php\/producto\/uva-negra\/","title":{"rendered":"Uva Negra (precio por kg)"},"content":{"rendered":"<p>La\u00a0<b>uva negra<\/b>\u00a0pertenece a la familia de las Vit\u00e1ceas , al g\u00e9nero de los Vitis. Necesita de un clima c\u00e1lido, para su buen cultivo. La fermentaci\u00f3n de esta fruta da lugar al vino. Se cree que su origen est\u00e1 en el mar Caspio en la zona asi\u00e1tica y que de all\u00ed se extendi\u00f3 por todos los pa\u00edses de la costa Mediterr\u00e1nea.<\/p>\n","protected":false},"excerpt":{"rendered":"<p>La\u00a0<b>uva negra<\/b> pertenece a la familia de las Vit\u00e1ceas , al g\u00e9nero de los Vitis. Necesita de un clima c\u00e1lido, para su buen cultivo. La fermentaci\u00f3n de esta fruta da lugar al vino.<\/p>\n","protected":false},"featured_media":500,"comment_status":"open","ping_status":"closed","template":"","meta":[],"product_brand":[],"product_cat":[16],"product_tag":[],"class_list":{"0":"post-485","1":"product","2":"type-product","3":"status-publish","4":"has-post-thumbnail","6":"product_cat-frutas","8":"first","9":"instock","10":"taxable","11":"shipping-taxable","12":"purchasable","13":"product-type-simple"},"aioseo_notices":[],"_links":{"self":[{"href":"https:\/\/holaciudad.es\/frutasjesus\/index.php\/wp-json\/wp\/v2\/product\/485","targetHints":{"allow":["GET"]}}],"collection":[{"href":"https:\/\/holaciudad.es\/frutasjesus\/index.php\/wp-json\/wp\/v2\/product"}],"about":[{"href":"https:\/\/holaciudad.es\/frutasjesus\/index.php\/wp-json\/wp\/v2\/types\/product"}],"replies":[{"embeddable":true,"href":"https:\/\/holaciudad.es\/frutasjesus\/index.php\/wp-json\/wp\/v2\/comments?post=485"}],"wp:featuredmedia":[{"embeddable":true,"href":"https:\/\/holaciudad.es\/frutasjesus\/index.php\/wp-json\/wp\/v2\/media\/500"}],"wp:attachment":[{"href":"https:\/\/holaciudad.es\/frutasjesus\/index.php\/wp-json\/wp\/v2\/media?parent=485"}],"wp:term":[{"taxonomy":"product_brand","embeddable":true,"href":"https:\/\/holaciudad.es\/frutasjesus\/index.php\/wp-json\/wp\/v2\/product_brand?post=485"},{"taxonomy":"product_cat","embeddable":true,"href":"https:\/\/holaciudad.es\/frutasjesus\/index.php\/wp-json\/wp\/v2\/product_cat?post=485"},{"taxonomy":"product_tag","embeddable":true,"href":"https:\/\/holaciudad.es\/frutasjesus\/index.php\/wp-json\/wp\/v2\/product_tag?post=485"}],"curies":[{"name":"wp","href":"https:\/\/api.w.org\/{rel}","templated":true}]}}