{"id":466,"date":"2021-02-13T13:18:16","date_gmt":"2021-02-13T13:18:16","guid":{"rendered":"https:\/\/holaciudad.es\/frutasjesus\/index.php\/producto\/melon-bollo\/"},"modified":"2021-03-22T22:26:39","modified_gmt":"2021-03-22T22:26:39","slug":"melon-bollo","status":"publish","type":"product","link":"https:\/\/holaciudad.es\/frutasjesus\/index.php\/producto\/melon-bollo\/","title":{"rendered":"Melon Bollo (precio por kg)"},"content":{"rendered":"<p>El\u00a0<b>mel\u00f3n Bollo<\/b>\u00a0es uno de los frutos de mayor tama\u00f1o, y su forma, unas veces esf\u00e9rica y otras ovalada o alargada, como un bal\u00f3n de rugby, depende de la variedad. El 80% de la composici\u00f3n de esta fruta es agua, y las escasas calor\u00edas que aporta se debe a su contenido moderado de az\u00facares.<\/p>\n","protected":false},"excerpt":{"rendered":"<p>El\u00a0<b>mel\u00f3n Bollo<\/b> es uno de los frutos de mayor tama\u00f1o, y su forma, unas veces esf\u00e9rica y otras ovalada o alargada, como un bal\u00f3n de rugby, depende de la variedad.<\/p>\n","protected":false},"featured_media":521,"comment_status":"open","ping_status":"closed","template":"","meta":[],"product_brand":[],"product_cat":[16],"product_tag":[],"class_list":{"0":"post-466","1":"product","2":"type-product","3":"status-publish","4":"has-post-thumbnail","6":"product_cat-frutas","8":"first","9":"instock","10":"taxable","11":"shipping-taxable","12":"purchasable","13":"product-type-simple"},"aioseo_notices":[],"_links":{"self":[{"href":"https:\/\/holaciudad.es\/frutasjesus\/index.php\/wp-json\/wp\/v2\/product\/466","targetHints":{"allow":["GET"]}}],"collection":[{"href":"https:\/\/holaciudad.es\/frutasjesus\/index.php\/wp-json\/wp\/v2\/product"}],"about":[{"href":"https:\/\/holaciudad.es\/frutasjesus\/index.php\/wp-json\/wp\/v2\/types\/product"}],"replies":[{"embeddable":true,"href":"https:\/\/holaciudad.es\/frutasjesus\/index.php\/wp-json\/wp\/v2\/comments?post=466"}],"wp:featuredmedia":[{"embeddable":true,"href":"https:\/\/holaciudad.es\/frutasjesus\/index.php\/wp-json\/wp\/v2\/media\/521"}],"wp:attachment":[{"href":"https:\/\/holaciudad.es\/frutasjesus\/index.php\/wp-json\/wp\/v2\/media?parent=466"}],"wp:term":[{"taxonomy":"product_brand","embeddable":true,"href":"https:\/\/holaciudad.es\/frutasjesus\/index.php\/wp-json\/wp\/v2\/product_brand?post=466"},{"taxonomy":"product_cat","embeddable":true,"href":"https:\/\/holaciudad.es\/frutasjesus\/index.php\/wp-json\/wp\/v2\/product_cat?post=466"},{"taxonomy":"product_tag","embeddable":true,"href":"https:\/\/holaciudad.es\/frutasjesus\/index.php\/wp-json\/wp\/v2\/product_tag?post=466"}],"curies":[{"name":"wp","href":"https:\/\/api.w.org\/{rel}","templated":true}]}}