{"id":41,"date":"2021-02-09T11:25:36","date_gmt":"2021-02-09T11:25:36","guid":{"rendered":"https:\/\/holaciudad.es\/frutasjesus\/index.php\/producto\/escarola-2\/"},"modified":"2021-03-22T22:10:31","modified_gmt":"2021-03-22T22:10:31","slug":"escarola-2","status":"publish","type":"product","link":"https:\/\/holaciudad.es\/frutasjesus\/index.php\/producto\/escarola-2\/","title":{"rendered":"Escarola (precio por unidad)"},"content":{"rendered":"<ul class=\"i8Z77e\">\n<li class=\"TrT0Xe\">Ayuda a perder peso, porque es saciante y diur\u00e9tica y apenas aporta calor\u00edas.<\/li>\n<li class=\"TrT0Xe\">Es una verdura aperitiva y digestiva por su contenido en sustancias amargas.<\/li>\n<li class=\"TrT0Xe\">Refuerza la funci\u00f3n depuradora del h\u00edgado, se recomienda para resacas e h\u00edgado graso.<\/li>\n<li class=\"TrT0Xe\">Cuida la piel por su contenido en betacarotenos.<\/li>\n<\/ul>\n","protected":false},"excerpt":{"rendered":"<ul class=\"i8Z77e\">\n<li class=\"TrT0Xe\">Ayuda a perder peso, porque es saciante y diur\u00e9tica y apenas aporta calor\u00edas.<\/li>\n<li class=\"TrT0Xe\">Es una verdura aperitiva y digestiva por su contenido en sustancias amargas.<\/li>\n<\/ul>\n","protected":false},"featured_media":583,"comment_status":"open","ping_status":"closed","template":"","meta":[],"product_brand":[],"product_cat":[17],"product_tag":[],"class_list":{"0":"post-41","1":"product","2":"type-product","3":"status-publish","4":"has-post-thumbnail","6":"product_cat-verduras","8":"first","9":"instock","10":"taxable","11":"shipping-taxable","12":"purchasable","13":"product-type-simple"},"aioseo_notices":[],"_links":{"self":[{"href":"https:\/\/holaciudad.es\/frutasjesus\/index.php\/wp-json\/wp\/v2\/product\/41","targetHints":{"allow":["GET"]}}],"collection":[{"href":"https:\/\/holaciudad.es\/frutasjesus\/index.php\/wp-json\/wp\/v2\/product"}],"about":[{"href":"https:\/\/holaciudad.es\/frutasjesus\/index.php\/wp-json\/wp\/v2\/types\/product"}],"replies":[{"embeddable":true,"href":"https:\/\/holaciudad.es\/frutasjesus\/index.php\/wp-json\/wp\/v2\/comments?post=41"}],"wp:featuredmedia":[{"embeddable":true,"href":"https:\/\/holaciudad.es\/frutasjesus\/index.php\/wp-json\/wp\/v2\/media\/583"}],"wp:attachment":[{"href":"https:\/\/holaciudad.es\/frutasjesus\/index.php\/wp-json\/wp\/v2\/media?parent=41"}],"wp:term":[{"taxonomy":"product_brand","embeddable":true,"href":"https:\/\/holaciudad.es\/frutasjesus\/index.php\/wp-json\/wp\/v2\/product_brand?post=41"},{"taxonomy":"product_cat","embeddable":true,"href":"https:\/\/holaciudad.es\/frutasjesus\/index.php\/wp-json\/wp\/v2\/product_cat?post=41"},{"taxonomy":"product_tag","embeddable":true,"href":"https:\/\/holaciudad.es\/frutasjesus\/index.php\/wp-json\/wp\/v2\/product_tag?post=41"}],"curies":[{"name":"wp","href":"https:\/\/api.w.org\/{rel}","templated":true}]}}