{"id":36,"date":"2021-02-09T11:25:36","date_gmt":"2021-02-09T11:25:36","guid":{"rendered":"https:\/\/holaciudad.es\/frutasjesus\/index.php\/producto\/champion-bnadeja-1\/"},"modified":"2021-02-17T10:18:52","modified_gmt":"2021-02-17T10:18:52","slug":"champion-bnadeja-1","status":"publish","type":"product","link":"https:\/\/holaciudad.es\/frutasjesus\/index.php\/producto\/champion-bnadeja-1\/","title":{"rendered":"Champi\u00f1on Bandeja"},"content":{"rendered":"<p>Los hongos en general contienen vitaminas, como las del complejo B (niacina y tiamina, riboflavina y \u00e1cido f\u00f3lico) y minerales como el potasio, f\u00f3sforo y calcio. El champi\u00f1\u00f3n tambi\u00e9n contiene\u00a0<b>selenio<\/b>, que funciona como antioxidante que ayuda a prevenir ciertos tipos de c\u00e1ncer.<\/p>\n","protected":false},"excerpt":{"rendered":"<p>Los hongos en general contienen vitaminas, como las del complejo B (niacina y tiamina, riboflavina y \u00e1cido f\u00f3lico) y minerales como el potasio, f\u00f3sforo y calcio.<\/p>\n","protected":false},"featured_media":578,"comment_status":"open","ping_status":"closed","template":"","meta":[],"product_brand":[],"product_cat":[17],"product_tag":[],"class_list":{"0":"post-36","1":"product","2":"type-product","3":"status-publish","4":"has-post-thumbnail","6":"product_cat-verduras","8":"first","9":"instock","10":"taxable","11":"shipping-taxable","12":"purchasable","13":"product-type-simple"},"aioseo_notices":[],"_links":{"self":[{"href":"https:\/\/holaciudad.es\/frutasjesus\/index.php\/wp-json\/wp\/v2\/product\/36","targetHints":{"allow":["GET"]}}],"collection":[{"href":"https:\/\/holaciudad.es\/frutasjesus\/index.php\/wp-json\/wp\/v2\/product"}],"about":[{"href":"https:\/\/holaciudad.es\/frutasjesus\/index.php\/wp-json\/wp\/v2\/types\/product"}],"replies":[{"embeddable":true,"href":"https:\/\/holaciudad.es\/frutasjesus\/index.php\/wp-json\/wp\/v2\/comments?post=36"}],"wp:featuredmedia":[{"embeddable":true,"href":"https:\/\/holaciudad.es\/frutasjesus\/index.php\/wp-json\/wp\/v2\/media\/578"}],"wp:attachment":[{"href":"https:\/\/holaciudad.es\/frutasjesus\/index.php\/wp-json\/wp\/v2\/media?parent=36"}],"wp:term":[{"taxonomy":"product_brand","embeddable":true,"href":"https:\/\/holaciudad.es\/frutasjesus\/index.php\/wp-json\/wp\/v2\/product_brand?post=36"},{"taxonomy":"product_cat","embeddable":true,"href":"https:\/\/holaciudad.es\/frutasjesus\/index.php\/wp-json\/wp\/v2\/product_cat?post=36"},{"taxonomy":"product_tag","embeddable":true,"href":"https:\/\/holaciudad.es\/frutasjesus\/index.php\/wp-json\/wp\/v2\/product_tag?post=36"}],"curies":[{"name":"wp","href":"https:\/\/api.w.org\/{rel}","templated":true}]}}