{"id":29,"date":"2021-02-09T11:25:35","date_gmt":"2021-02-09T11:25:35","guid":{"rendered":"https:\/\/holaciudad.es\/frutasjesus\/index.php\/producto\/cebolla-morada-1\/"},"modified":"2021-03-22T20:17:02","modified_gmt":"2021-03-22T20:17:02","slug":"cebolla-morada-1","status":"publish","type":"product","link":"https:\/\/holaciudad.es\/frutasjesus\/index.php\/producto\/cebolla-morada-1\/","title":{"rendered":"Cebolla Morada (precio por kg)"},"content":{"rendered":"<p>Las Cebollas Rojas, conocidas as\u00ed en Argentina, Colombia, M\u00e9xico, Chile, Panam\u00e1, Per\u00fa, Venezuela y en Ecuador como cebolla paite\u00f1a, son cultivares de cebolla con una piel roja p\u00farpura, y una carne blanca con maitizes rojizos. Tiende a ser de tama\u00f1o mediano a grande y a tener un sabor suave a dulce.<\/p>\n","protected":false},"excerpt":{"rendered":"<p>Las Cebollas Rojas, conocidas as\u00ed en Argentina, Colombia, M\u00e9xico, Chile, Panam\u00e1, Per\u00fa, Venezuela y en Ecuador como cebolla paite\u00f1a, son cultivares de cebolla con una piel roja p\u00farpura.<\/p>\n","protected":false},"featured_media":594,"comment_status":"open","ping_status":"closed","template":"","meta":[],"product_brand":[],"product_cat":[17],"product_tag":[],"class_list":{"0":"post-29","1":"product","2":"type-product","3":"status-publish","4":"has-post-thumbnail","6":"product_cat-verduras","8":"first","9":"instock","10":"taxable","11":"shipping-taxable","12":"purchasable","13":"product-type-simple"},"aioseo_notices":[],"_links":{"self":[{"href":"https:\/\/holaciudad.es\/frutasjesus\/index.php\/wp-json\/wp\/v2\/product\/29","targetHints":{"allow":["GET"]}}],"collection":[{"href":"https:\/\/holaciudad.es\/frutasjesus\/index.php\/wp-json\/wp\/v2\/product"}],"about":[{"href":"https:\/\/holaciudad.es\/frutasjesus\/index.php\/wp-json\/wp\/v2\/types\/product"}],"replies":[{"embeddable":true,"href":"https:\/\/holaciudad.es\/frutasjesus\/index.php\/wp-json\/wp\/v2\/comments?post=29"}],"wp:featuredmedia":[{"embeddable":true,"href":"https:\/\/holaciudad.es\/frutasjesus\/index.php\/wp-json\/wp\/v2\/media\/594"}],"wp:attachment":[{"href":"https:\/\/holaciudad.es\/frutasjesus\/index.php\/wp-json\/wp\/v2\/media?parent=29"}],"wp:term":[{"taxonomy":"product_brand","embeddable":true,"href":"https:\/\/holaciudad.es\/frutasjesus\/index.php\/wp-json\/wp\/v2\/product_brand?post=29"},{"taxonomy":"product_cat","embeddable":true,"href":"https:\/\/holaciudad.es\/frutasjesus\/index.php\/wp-json\/wp\/v2\/product_cat?post=29"},{"taxonomy":"product_tag","embeddable":true,"href":"https:\/\/holaciudad.es\/frutasjesus\/index.php\/wp-json\/wp\/v2\/product_tag?post=29"}],"curies":[{"name":"wp","href":"https:\/\/api.w.org\/{rel}","templated":true}]}}