{"id":21,"date":"2021-02-09T11:25:35","date_gmt":"2021-02-09T11:25:35","guid":{"rendered":"https:\/\/holaciudad.es\/frutasjesus\/index.php\/producto\/boniatos-1\/"},"modified":"2021-03-22T20:13:58","modified_gmt":"2021-03-22T20:13:58","slug":"boniatos-1","status":"publish","type":"product","link":"https:\/\/holaciudad.es\/frutasjesus\/index.php\/producto\/boniatos-1\/","title":{"rendered":"Boniatos (precio por kg)"},"content":{"rendered":"<p>El\u00a0<b>boniato<\/b>\u00a0es un alimento rico en hidratos, prote\u00ednas, vitaminas antioxidantes y minerales esenciales. Por lo que ayuda a reducir el riesgo de infecciones y aporta energ\u00eda f\u00edsica y mental. Alto contenido en \u00e1cido f\u00f3lico \u2013 Por lo que es recomendado para las mujeres embarazadas y en periodos de lactancia.<\/p>\n","protected":false},"excerpt":{"rendered":"<p>El\u00a0<b>boniato<\/b>\u00a0es un alimento rico en hidratos, prote\u00ednas, vitaminas antioxidantes y minerales esenciales. Por lo que ayuda a reducir el riesgo de infecciones y aporta energ\u00eda f\u00edsica y mental. Alto contenido en \u00e1cido f\u00f3lico \u2013 Por lo que es recomendado para las mujeres embarazadas y en periodos de lactancia.<\/p>\n","protected":false},"featured_media":81,"comment_status":"open","ping_status":"closed","template":"","meta":[],"product_brand":[],"product_cat":[17],"product_tag":[],"class_list":{"0":"post-21","1":"product","2":"type-product","3":"status-publish","4":"has-post-thumbnail","6":"product_cat-verduras","8":"first","9":"instock","10":"taxable","11":"shipping-taxable","12":"purchasable","13":"product-type-simple"},"aioseo_notices":[],"_links":{"self":[{"href":"https:\/\/holaciudad.es\/frutasjesus\/index.php\/wp-json\/wp\/v2\/product\/21","targetHints":{"allow":["GET"]}}],"collection":[{"href":"https:\/\/holaciudad.es\/frutasjesus\/index.php\/wp-json\/wp\/v2\/product"}],"about":[{"href":"https:\/\/holaciudad.es\/frutasjesus\/index.php\/wp-json\/wp\/v2\/types\/product"}],"replies":[{"embeddable":true,"href":"https:\/\/holaciudad.es\/frutasjesus\/index.php\/wp-json\/wp\/v2\/comments?post=21"}],"wp:featuredmedia":[{"embeddable":true,"href":"https:\/\/holaciudad.es\/frutasjesus\/index.php\/wp-json\/wp\/v2\/media\/81"}],"wp:attachment":[{"href":"https:\/\/holaciudad.es\/frutasjesus\/index.php\/wp-json\/wp\/v2\/media?parent=21"}],"wp:term":[{"taxonomy":"product_brand","embeddable":true,"href":"https:\/\/holaciudad.es\/frutasjesus\/index.php\/wp-json\/wp\/v2\/product_brand?post=21"},{"taxonomy":"product_cat","embeddable":true,"href":"https:\/\/holaciudad.es\/frutasjesus\/index.php\/wp-json\/wp\/v2\/product_cat?post=21"},{"taxonomy":"product_tag","embeddable":true,"href":"https:\/\/holaciudad.es\/frutasjesus\/index.php\/wp-json\/wp\/v2\/product_tag?post=21"}],"curies":[{"name":"wp","href":"https:\/\/api.w.org\/{rel}","templated":true}]}}